{"id":69,"date":"2026-02-23T18:58:25","date_gmt":"2026-02-23T15:58:25","guid":{"rendered":"https:\/\/atakan.online\/?page_id=69"},"modified":"2026-02-24T01:58:32","modified_gmt":"2026-02-23T22:58:32","slug":"69-2","status":"publish","type":"page","link":"https:\/\/atakan.online\/","title":{"rendered":"Atakan Online"},"content":{"rendered":"\n<div class=\"wp-block-query is-layout-flow wp-block-query-is-layout-flow\"><ul class=\"wp-block-post-template is-layout-flow wp-block-post-template-is-layout-flow\"><li class=\"wp-block-post post-1 post type-post status-publish format-standard hentry category-genel\">\n\n<div class=\"wp-block-columns are-vertically-aligned-center is-layout-flex wp-container-core-columns-is-layout-28f84493 wp-block-columns-is-layout-flex\">\n<div class=\"wp-block-column is-vertically-aligned-center is-layout-flow wp-block-column-is-layout-flow\" style=\"flex-basis:25%\">\n<figure class=\"wp-block-image size-full\"><img loading=\"lazy\" decoding=\"async\" width=\"211\" height=\"239\" src=\"https:\/\/atakan.online\/wp-content\/uploads\/2026\/02\/images.jpeg\" alt=\"\" class=\"wp-image-70\"\/><\/figure>\n<\/div>\n\n\n\n<div class=\"wp-block-column is-vertically-aligned-center is-layout-flow wp-block-column-is-layout-flow\" style=\"flex-basis:75%\">\n<h2 class=\"wp-block-heading\">\u00c7apulcu<\/h2>\n\n\n\n<details class=\"wp-block-details is-layout-flow wp-block-details-is-layout-flow\"><summary>Ya paran ya can\u0131n ko\u00e7um. Ani hareket yapma, de\u015feriz. <\/summary>\n<p><\/p>\n<\/details>\n<\/div>\n<\/div>\n\n<\/li><\/ul><\/div>\n\n\n\n<div class=\"wp-block-group alignfull cta-006 has-primary-color has-text-color has-link-color has-superbfont-xxsmall-font-size wp-elements-21313ad41011e4a3d90671cae668ee2b has-global-padding is-layout-constrained wp-container-core-group-is-layout-7ce2ca0c wp-block-group-is-layout-constrained has-background\" style=\"border-width:8px;border-top-left-radius:53px;border-top-right-radius:53px;border-bottom-left-radius:53px;border-bottom-right-radius:53px;margin-top:var(--wp--preset--spacing--superbspacing-xsmall);margin-bottom:var(--wp--preset--spacing--superbspacing-xsmall);padding-top:var(--wp--preset--spacing--superbspacing-large);padding-right:var(--wp--preset--spacing--superbspacing-small);padding-bottom:var(--wp--preset--spacing--superbspacing-large);padding-left:var(--wp--preset--spacing--superbspacing-small);background-image:url(&apos;https:\/\/atakan.online\/wp-content\/uploads\/2026\/02\/Screenshot-2026-02-24-at-01.40.53.png&apos;);background-position:35% 96%;background-size:cover;\">\n<div class=\"wp-block-columns are-vertically-aligned-center is-layout-flex wp-container-core-columns-is-layout-5e265515 wp-block-columns-is-layout-flex\">\n<div class=\"wp-block-column is-vertically-aligned-center has-text-color is-layout-flow wp-block-column-is-layout-flow\" style=\"color:#fdfdfd;font-size:clamp(43.728px, 2.733rem + ((1vw - 3.2px) * 4.576), 84px);flex-basis:50%\">\n<div class=\"wp-block-group has-global-padding is-content-justification-left is-layout-constrained wp-container-core-group-is-layout-d5209ea4 wp-block-group-is-layout-constrained\">\n<h2 class=\"wp-block-heading has-text-align-left has-text-color has-superbfont-xxlarge-font-size\" style=\"color:#fdfdfd;line-height:1.1\">Karde\u015f d\u00f6v<\/h2>\n<\/div>\n<\/div>\n\n\n\n<div class=\"wp-block-column is-vertically-aligned-center is-layout-flow wp-block-column-is-layout-flow\" style=\"flex-basis:50%\">\n<div class=\"wp-block-buttons wp-container-content-9cfa9a5a is-content-justification-center is-layout-flex wp-container-core-buttons-is-layout-9b2276be wp-block-buttons-is-layout-flex\">\n<div class=\"wp-block-button has-custom-width wp-block-button__width-50 is-style-outline is-style-outline--1\"><a class=\"wp-block-button__link has-superbfont-small-font-size has-custom-font-size wp-element-button\">OYNA<\/a><\/div>\n<\/div>\n<\/div>\n<\/div>\n<\/div>\n\n\n\n<div class=\"wp-block-group alignfull cta-006 has-primary-color has-text-color has-link-color has-superbfont-xxsmall-font-size wp-elements-1924c4719d5639dff4c972f0aee71b73 has-global-padding is-layout-constrained wp-container-core-group-is-layout-7ce2ca0c wp-block-group-is-layout-constrained has-background\" style=\"border-width:8px;border-top-left-radius:53px;border-top-right-radius:53px;border-bottom-left-radius:53px;border-bottom-right-radius:53px;margin-top:var(--wp--preset--spacing--superbspacing-xsmall);margin-bottom:var(--wp--preset--spacing--superbspacing-xsmall);padding-top:var(--wp--preset--spacing--superbspacing-large);padding-right:var(--wp--preset--spacing--superbspacing-small);padding-bottom:var(--wp--preset--spacing--superbspacing-large);padding-left:var(--wp--preset--spacing--superbspacing-small);background-image:url(&apos;http:\/\/atakan.online\/wp-content\/uploads\/2026\/02\/Screenshot-2026-02-23-at-19.03.06.png&apos;);background-position:50% 49%;background-size:cover;\">\n<div class=\"wp-block-columns are-vertically-aligned-center is-layout-flex wp-container-core-columns-is-layout-5e265515 wp-block-columns-is-layout-flex\">\n<div class=\"wp-block-column is-vertically-aligned-center has-text-color is-layout-flow wp-block-column-is-layout-flow\" style=\"color:#fdfdfd;font-size:clamp(43.728px, 2.733rem + ((1vw - 3.2px) * 4.576), 84px);flex-basis:50%\">\n<div class=\"wp-block-group has-global-padding is-content-justification-left is-layout-constrained wp-container-core-group-is-layout-d5209ea4 wp-block-group-is-layout-constrained\">\n<h2 class=\"wp-block-heading has-text-align-left has-text-color has-superbfont-xxlarge-font-size\" style=\"color:#fdfdfd;line-height:1.1\">Boktan top<\/h2>\n<\/div>\n<\/div>\n\n\n\n<div class=\"wp-block-column is-vertically-aligned-center is-layout-flow wp-block-column-is-layout-flow\" style=\"flex-basis:50%\">\n<div class=\"wp-block-buttons wp-container-content-9cfa9a5a is-content-justification-center is-layout-flex wp-container-core-buttons-is-layout-9b2276be wp-block-buttons-is-layout-flex\">\n<div class=\"wp-block-button has-custom-width wp-block-button__width-50 is-style-outline is-style-outline--2\"><a class=\"wp-block-button__link has-superbfont-small-font-size has-custom-font-size wp-element-button\">OYNA<\/a><\/div>\n<\/div>\n<\/div>\n<\/div>\n<\/div>\n\n\n\n<div class=\"wp-block-group alignfull cta-006 has-primary-color has-text-color has-link-color has-superbfont-xxsmall-font-size wp-elements-53771fcf06e9ff2e3e4b726d8886f464 has-global-padding is-layout-constrained wp-container-core-group-is-layout-7ce2ca0c wp-block-group-is-layout-constrained has-background\" style=\"border-width:8px;border-top-left-radius:53px;border-top-right-radius:53px;border-bottom-left-radius:53px;border-bottom-right-radius:53px;margin-top:var(--wp--preset--spacing--superbspacing-xsmall);margin-bottom:var(--wp--preset--spacing--superbspacing-xsmall);padding-top:var(--wp--preset--spacing--superbspacing-large);padding-right:var(--wp--preset--spacing--superbspacing-small);padding-bottom:var(--wp--preset--spacing--superbspacing-large);padding-left:var(--wp--preset--spacing--superbspacing-small);background-image:url(&apos;https:\/\/atakan.online\/wp-content\/uploads\/2026\/02\/Screenshot-2026-02-24-at-01.44.38.png&apos;);background-position:49% 57.99999999999999%;background-size:cover;\">\n<div class=\"wp-block-columns are-vertically-aligned-center is-layout-flex wp-container-core-columns-is-layout-5e265515 wp-block-columns-is-layout-flex\">\n<div class=\"wp-block-column is-vertically-aligned-center has-text-color is-layout-flow wp-block-column-is-layout-flow\" style=\"color:#fdfdfd;font-size:clamp(43.728px, 2.733rem + ((1vw - 3.2px) * 4.576), 84px);flex-basis:50%\">\n<div class=\"wp-block-group has-global-padding is-content-justification-left is-layout-constrained wp-container-core-group-is-layout-d5209ea4 wp-block-group-is-layout-constrained\">\n<h2 class=\"wp-block-heading has-text-align-left has-text-color has-superbfont-xlarge-font-size\" style=\"color:#fdfdfd;line-height:1.1\">Quickabdest<\/h2>\n<\/div>\n<\/div>\n\n\n\n<div class=\"wp-block-column is-vertically-aligned-center is-layout-flow wp-block-column-is-layout-flow\" style=\"flex-basis:50%\">\n<div class=\"wp-block-buttons wp-container-content-9cfa9a5a is-content-justification-center is-layout-flex wp-container-core-buttons-is-layout-9b2276be wp-block-buttons-is-layout-flex\">\n<div class=\"wp-block-button has-custom-width wp-block-button__width-50 is-style-outline is-style-outline--3\"><a class=\"wp-block-button__link has-primary-color has-contrast-light-background-color has-text-color has-background has-link-color has-superbfont-small-font-size has-custom-font-size wp-element-button\">OYNA<\/a><\/div>\n<\/div>\n<\/div>\n<\/div>\n<\/div>\n\n\n\n<div class=\"wp-block-group alignfull cta-006 has-primary-color has-text-color has-link-color has-superbfont-xxsmall-font-size wp-elements-17ec5bf61c4905e00d8ab1ec931288ab has-global-padding is-layout-constrained wp-container-core-group-is-layout-7ce2ca0c wp-block-group-is-layout-constrained has-background\" style=\"border-width:8px;border-top-left-radius:53px;border-top-right-radius:53px;border-bottom-left-radius:53px;border-bottom-right-radius:53px;margin-top:var(--wp--preset--spacing--superbspacing-xsmall);margin-bottom:var(--wp--preset--spacing--superbspacing-xsmall);padding-top:var(--wp--preset--spacing--superbspacing-large);padding-right:var(--wp--preset--spacing--superbspacing-small);padding-bottom:var(--wp--preset--spacing--superbspacing-large);padding-left:var(--wp--preset--spacing--superbspacing-small);background-image:url(&apos;https:\/\/atakan.online\/wp-content\/uploads\/2026\/02\/Screenshot-2026-02-24-at-01.47.19.png&apos;);background-position:38% 36%;background-size:cover;\">\n<div class=\"wp-block-columns are-vertically-aligned-center is-layout-flex wp-container-core-columns-is-layout-5e265515 wp-block-columns-is-layout-flex\">\n<div class=\"wp-block-column is-vertically-aligned-center has-text-color is-layout-flow wp-block-column-is-layout-flow\" style=\"color:#fdfdfd;font-size:clamp(43.728px, 2.733rem + ((1vw - 3.2px) * 4.576), 84px);flex-basis:50%\">\n<div class=\"wp-block-group has-global-padding is-content-justification-left is-layout-constrained wp-container-core-group-is-layout-d5209ea4 wp-block-group-is-layout-constrained\">\n<h2 class=\"wp-block-heading has-text-align-left has-text-color has-superbfont-xlarge-font-size\" style=\"color:#fdfdfd;line-height:1.1\">zehra kafe<\/h2>\n<\/div>\n<\/div>\n\n\n\n<div class=\"wp-block-column is-vertically-aligned-center is-layout-flow wp-block-column-is-layout-flow\" style=\"flex-basis:50%\">\n<div class=\"wp-block-buttons wp-container-content-9cfa9a5a is-content-justification-center is-layout-flex wp-container-core-buttons-is-layout-9b2276be wp-block-buttons-is-layout-flex\">\n<div class=\"wp-block-button has-custom-width wp-block-button__width-50 is-style-outline is-style-outline--4\"><a class=\"wp-block-button__link has-primary-color has-contrast-light-background-color has-text-color has-background has-link-color has-superbfont-small-font-size has-custom-font-size wp-element-button\">OYNA<\/a><\/div>\n<\/div>\n<\/div>\n<\/div>\n<\/div>\n\n\n\n<div class=\"wp-block-group alignfull cta-006 has-primary-color has-text-color has-link-color has-superbfont-xxsmall-font-size wp-elements-5dcdd35d212819622711bb1b12498e0e has-global-padding is-layout-constrained wp-container-core-group-is-layout-7ce2ca0c wp-block-group-is-layout-constrained has-background\" style=\"border-width:8px;border-top-left-radius:53px;border-top-right-radius:53px;border-bottom-left-radius:53px;border-bottom-right-radius:53px;margin-top:var(--wp--preset--spacing--superbspacing-xsmall);margin-bottom:var(--wp--preset--spacing--superbspacing-xsmall);padding-top:var(--wp--preset--spacing--superbspacing-large);padding-right:var(--wp--preset--spacing--superbspacing-small);padding-bottom:var(--wp--preset--spacing--superbspacing-large);padding-left:var(--wp--preset--spacing--superbspacing-small);background-image:url(&apos;https:\/\/atakan.online\/wp-content\/uploads\/2026\/02\/Screenshot-2026-02-24-at-01.48.21.png&apos;);background-position:38% 36%;background-size:cover;\">\n<div class=\"wp-block-columns are-vertically-aligned-center is-layout-flex wp-container-core-columns-is-layout-5e265515 wp-block-columns-is-layout-flex\">\n<div class=\"wp-block-column is-vertically-aligned-center has-text-color is-layout-flow wp-block-column-is-layout-flow\" style=\"color:#fdfdfd;font-size:clamp(43.728px, 2.733rem + ((1vw - 3.2px) * 4.576), 84px);flex-basis:50%\">\n<div class=\"wp-block-group has-global-padding is-content-justification-left is-layout-constrained wp-container-core-group-is-layout-d5209ea4 wp-block-group-is-layout-constrained\">\n<h2 class=\"wp-block-heading has-text-align-left has-mono-1-color has-text-color has-superbfont-large-font-size\" style=\"line-height:1.1\">sinoloji music box<\/h2>\n<\/div>\n<\/div>\n\n\n\n<div class=\"wp-block-column is-vertically-aligned-center is-layout-flow wp-block-column-is-layout-flow\" style=\"flex-basis:50%\">\n<div class=\"wp-block-buttons wp-container-content-9cfa9a5a is-content-justification-center is-layout-flex wp-container-core-buttons-is-layout-9b2276be wp-block-buttons-is-layout-flex\">\n<div class=\"wp-block-button has-custom-width wp-block-button__width-50 is-style-outline is-style-outline--5\"><a class=\"wp-block-button__link has-primary-color has-contrast-light-background-color has-text-color has-background has-link-color has-superbfont-small-font-size has-custom-font-size wp-element-button\">OYNA<\/a><\/div>\n<\/div>\n<\/div>\n<\/div>\n<\/div>\n\n\n\n<div class=\"wp-block-group alignfull cta-006 has-primary-color has-text-color has-link-color has-superbfont-xxsmall-font-size wp-elements-adaed8b808cd163d1165e7bc1f2549f5 has-global-padding is-layout-constrained wp-container-core-group-is-layout-7ce2ca0c wp-block-group-is-layout-constrained has-background\" style=\"border-width:8px;border-top-left-radius:53px;border-top-right-radius:53px;border-bottom-left-radius:53px;border-bottom-right-radius:53px;margin-top:var(--wp--preset--spacing--superbspacing-xsmall);margin-bottom:var(--wp--preset--spacing--superbspacing-xsmall);padding-top:var(--wp--preset--spacing--superbspacing-large);padding-right:var(--wp--preset--spacing--superbspacing-small);padding-bottom:var(--wp--preset--spacing--superbspacing-large);padding-left:var(--wp--preset--spacing--superbspacing-small);background-image:url(&apos;https:\/\/atakan.online\/wp-content\/uploads\/2026\/02\/Screenshot-2026-02-24-at-01.43.48.png&apos;);background-position:43% 82%;background-size:cover;\">\n<div class=\"wp-block-columns are-vertically-aligned-center is-layout-flex wp-container-core-columns-is-layout-5e265515 wp-block-columns-is-layout-flex\">\n<div class=\"wp-block-column is-vertically-aligned-center has-text-color is-layout-flow wp-block-column-is-layout-flow\" style=\"color:#fdfdfd;font-size:clamp(43.728px, 2.733rem + ((1vw - 3.2px) * 4.576), 84px);flex-basis:50%\">\n<div class=\"wp-block-group has-global-padding is-content-justification-left is-layout-constrained wp-container-core-group-is-layout-d5209ea4 wp-block-group-is-layout-constrained\">\n<h2 class=\"wp-block-heading has-text-align-left has-text-color has-superbfont-xxlarge-font-size\" style=\"color:#fdfdfd;line-height:1.1\">Basketbok<\/h2>\n<\/div>\n<\/div>\n\n\n\n<div class=\"wp-block-column is-vertically-aligned-center is-layout-flow wp-block-column-is-layout-flow\" style=\"flex-basis:50%\">\n<div class=\"wp-block-buttons wp-container-content-9cfa9a5a is-content-justification-center is-layout-flex wp-container-core-buttons-is-layout-9b2276be wp-block-buttons-is-layout-flex\">\n<div class=\"wp-block-button has-custom-width wp-block-button__width-50 is-style-outline is-style-outline--6\"><a class=\"wp-block-button__link has-superbfont-small-font-size has-custom-font-size wp-element-button\">OYNA<\/a><\/div>\n<\/div>\n<\/div>\n<\/div>\n<\/div>\n\n\n\n<div class=\"wp-block-group alignfull cta-006 has-primary-color has-text-color has-link-color has-superbfont-xxsmall-font-size wp-elements-5107cb8f5047d889e2f82d36f5afc726 has-global-padding is-layout-constrained wp-container-core-group-is-layout-7ce2ca0c wp-block-group-is-layout-constrained has-background\" style=\"border-width:8px;border-top-left-radius:53px;border-top-right-radius:53px;border-bottom-left-radius:53px;border-bottom-right-radius:53px;margin-top:var(--wp--preset--spacing--superbspacing-xsmall);margin-bottom:var(--wp--preset--spacing--superbspacing-xsmall);padding-top:var(--wp--preset--spacing--superbspacing-large);padding-right:var(--wp--preset--spacing--superbspacing-small);padding-bottom:var(--wp--preset--spacing--superbspacing-large);padding-left:var(--wp--preset--spacing--superbspacing-small);background-image:url(&apos;https:\/\/atakan.online\/wp-content\/uploads\/2026\/02\/Screenshot-2026-02-24-at-01.46.04.png&apos;);background-position:43% 82%;background-size:cover;\">\n<div class=\"wp-block-columns are-vertically-aligned-center is-layout-flex wp-container-core-columns-is-layout-5e265515 wp-block-columns-is-layout-flex\">\n<div class=\"wp-block-column is-vertically-aligned-center has-text-color is-layout-flow wp-block-column-is-layout-flow\" style=\"color:#fdfdfd;font-size:clamp(43.728px, 2.733rem + ((1vw - 3.2px) * 4.576), 84px);flex-basis:50%\">\n<div class=\"wp-block-group has-global-padding is-content-justification-left is-layout-constrained wp-container-core-group-is-layout-d5209ea4 wp-block-group-is-layout-constrained\">\n<h2 class=\"wp-block-heading has-text-align-left has-text-color has-superbfont-xxlarge-font-size\" style=\"color:#fdfdfd;line-height:1.1\">Sinologla\u015f<\/h2>\n<\/div>\n<\/div>\n\n\n\n<div class=\"wp-block-column is-vertically-aligned-center is-layout-flow wp-block-column-is-layout-flow\" style=\"flex-basis:50%\">\n<div class=\"wp-block-buttons wp-container-content-9cfa9a5a is-content-justification-center is-layout-flex wp-container-core-buttons-is-layout-9b2276be wp-block-buttons-is-layout-flex\">\n<div class=\"wp-block-button has-custom-width wp-block-button__width-50 is-style-outline is-style-outline--7\"><a class=\"wp-block-button__link has-contrast-light-background-color has-background has-superbfont-small-font-size has-custom-font-size wp-element-button\">OYNA<\/a><\/div>\n<\/div>\n<\/div>\n<\/div>\n<\/div>\n\n\n\n<p>saf<\/p>\n","protected":false},"excerpt":{"rendered":"<p>Karde\u015f d\u00f6v Boktan top Quickabdest zehra kafe sinoloji music box Basketbok Sinologla\u015f saf<\/p>\n","protected":false},"author":1,"featured_media":0,"parent":0,"menu_order":0,"comment_status":"closed","ping_status":"closed","template":"","meta":{"footnotes":""},"class_list":["post-69","page","type-page","status-publish","hentry"],"_links":{"self":[{"href":"https:\/\/atakan.online\/index.php?rest_route=\/wp\/v2\/pages\/69","targetHints":{"allow":["GET"]}}],"collection":[{"href":"https:\/\/atakan.online\/index.php?rest_route=\/wp\/v2\/pages"}],"about":[{"href":"https:\/\/atakan.online\/index.php?rest_route=\/wp\/v2\/types\/page"}],"author":[{"embeddable":true,"href":"https:\/\/atakan.online\/index.php?rest_route=\/wp\/v2\/users\/1"}],"replies":[{"embeddable":true,"href":"https:\/\/atakan.online\/index.php?rest_route=%2Fwp%2Fv2%2Fcomments&post=69"}],"version-history":[{"count":6,"href":"https:\/\/atakan.online\/index.php?rest_route=\/wp\/v2\/pages\/69\/revisions"}],"predecessor-version":[{"id":88,"href":"https:\/\/atakan.online\/index.php?rest_route=\/wp\/v2\/pages\/69\/revisions\/88"}],"wp:attachment":[{"href":"https:\/\/atakan.online\/index.php?rest_route=%2Fwp%2Fv2%2Fmedia&parent=69"}],"curies":[{"name":"wp","href":"https:\/\/api.w.org\/{rel}","templated":true}]}}